{"id":2,"date":"2024-03-23T19:50:02","date_gmt":"2024-03-23T18:50:02","guid":{"rendered":"https:\/\/bajkowydomek.edu.pl\/?page_id=2"},"modified":"2025-08-25T17:29:27","modified_gmt":"2025-08-25T15:29:27","slug":"przykladowa-strona","status":"publish","type":"page","link":"https:\/\/bajkowydomek.edu.pl\/","title":{"rendered":"P176"},"content":{"rendered":"\t\t<div data-elementor-type=\"wp-page\" data-elementor-id=\"2\" class=\"elementor elementor-2\">\n\t\t\t\t<div class=\"elementor-element elementor-element-4b108ca e-flex e-con-boxed e-con e-parent\" data-id=\"4b108ca\" data-element_type=\"container\">\n\t\t\t\t\t<div class=\"e-con-inner\">\n\t\t\t\t<div class=\"elementor-element elementor-element-c7f045e elementor-widget elementor-widget-text-editor\" data-id=\"c7f045e\" data-element_type=\"widget\" data-widget_type=\"text-editor.default\">\n\t\t\t\t<div class=\"elementor-widget-container\">\n\t\t\t\t\t\t\t\t\t<h2>Dzie\u0144 dobry,<\/h2><h2>witamy Pa\u0144stwa na nowej stronie przedszkola<\/h2>\t\t\t\t\t\t\t\t<\/div>\n\t\t\t\t<\/div>\n\t\t\t\t\t<\/div>\n\t\t\t\t<\/div>\n\t\t<div class=\"elementor-element elementor-element-8845a96 e-flex e-con-boxed e-con e-parent\" data-id=\"8845a96\" data-element_type=\"container\">\n\t\t\t\t\t<div class=\"e-con-inner\">\n\t\t\t\t<div class=\"elementor-element elementor-element-4b57aed elementor-widget elementor-widget-image\" data-id=\"4b57aed\" data-element_type=\"widget\" data-widget_type=\"image.default\">\n\t\t\t\t<div class=\"elementor-widget-container\">\n\t\t\t\t\t\t\t\t\t\t\t\t\t\t\t<img fetchpriority=\"high\" decoding=\"async\" width=\"683\" height=\"321\" src=\"https:\/\/bajkowydomek.edu.pl\/wp-content\/uploads\/2024\/03\/Rodzina-1024x481.jpg\" class=\"attachment-large size-large wp-image-21\" alt=\"Rysunek rodziny\" srcset=\"https:\/\/bajkowydomek.edu.pl\/wp-content\/uploads\/2024\/03\/Rodzina-1024x481.jpg 1024w, https:\/\/bajkowydomek.edu.pl\/wp-content\/uploads\/2024\/03\/Rodzina-300x141.jpg 300w, https:\/\/bajkowydomek.edu.pl\/wp-content\/uploads\/2024\/03\/Rodzina-768x361.jpg 768w, https:\/\/bajkowydomek.edu.pl\/wp-content\/uploads\/2024\/03\/Rodzina-1536x722.jpg 1536w, https:\/\/bajkowydomek.edu.pl\/wp-content\/uploads\/2024\/03\/Rodzina-2048x962.jpg 2048w\" sizes=\"(max-width: 683px) 100vw, 683px\" \/>\t\t\t\t\t\t\t\t\t\t\t\t\t\t\t<\/div>\n\t\t\t\t<\/div>\n\t\t\t\t\t<\/div>\n\t\t\t\t<\/div>\n\t\t<div class=\"elementor-element elementor-element-5885a5d e-flex e-con-boxed e-con e-parent\" data-id=\"5885a5d\" data-element_type=\"container\">\n\t\t\t\t\t<div class=\"e-con-inner\">\n\t\t\t\t<div class=\"elementor-element elementor-element-dc095a9 elementor-widget elementor-widget-text-editor\" data-id=\"dc095a9\" data-element_type=\"widget\" data-widget_type=\"text-editor.default\">\n\t\t\t\t<div class=\"elementor-widget-container\">\n\t\t\t\t\t\t\t\t\t<p><em>\u201e<span style=\"font-size: x-large;\">Dobry wychowawca, kt\u00f3ry &#8230;<br \/>nie dyktuje a uczy, nie \u017c\u0105da a zapytuje \u2013<br \/>prze\u017cyje wraz z dzie\u0107mi wiele natchnionych chwil.\u201d<\/span><\/em> <br \/><br \/><strong>Janusz Korczak<\/strong><\/p>\t\t\t\t\t\t\t\t<\/div>\n\t\t\t\t<\/div>\n\t\t\t\t\t<\/div>\n\t\t\t\t<\/div>\n\t\t<div class=\"elementor-element elementor-element-b37d5e8 e-flex e-con-boxed e-con e-parent\" data-id=\"b37d5e8\" data-element_type=\"container\">\n\t\t\t\t\t<div class=\"e-con-inner\">\n\t\t\t\t<div class=\"elementor-element elementor-element-4bfd90d elementor-widget elementor-widget-text-editor\" data-id=\"4bfd90d\" data-element_type=\"widget\" data-widget_type=\"text-editor.default\">\n\t\t\t\t<div class=\"elementor-widget-container\">\n\t\t\t\t\t\t\t\t\t<p><strong>\u00a0 \u00a0 \u00a0 \u00a0 \u00a0 \u00a0 \u00a0<span style=\"color: #0000ff;\">\u00a0 \u00a0 \u00a0 \u00a0INFORMACJA\u00a0 DLA\u00a0 RODZIC\u00d3W\u00a0 DZIECI\u00a0 NOWOPRZYJ\u0118TYCH<\/span><\/strong><strong><span style=\"color: #0000ff;\">\u00a0 \u00a0 \u00a0 \u00a0<\/span> \u00a0 \u00a0 \u00a0<\/strong><strong>\u00a0 \u00a0 \u00a0 \u00a0 \u00a0 \u00a0 \u00a0 \u00a0 \u00a0 \u00a0 \u00a0 \u00a0 \u00a0 \u00a0 \u00a0 \u00a0<\/strong><\/p><p><strong>\u00a0 \u00a0 \u00a0 \u00a0 \u00a0 \u00a0 \u00a0 \u00a0 \u00a0 \u00a0 \u00a0 \u00a0 \u00a0 \u00a0 \u00a0 \u00a0 \u00a0 \u00a0 \u00a0 \u00a0 \u00a0 \u00a0 \u00a0 \u00a0 \u00a0 <\/strong><strong>SERDECZNIE\u00a0\u00a0 ZAPRASZAMY<\/strong><\/p><p><strong>\u00a0 \u00a0 \u00a0 \u00a0 \u00a0 \u00a0 \u00a0 \u00a0 \u00a0 \u00a0 \u00a0 \u00a0 \u00a0 \u00a0 \u00a0 \u00a0 \u00a0 \u00a0 \u00a0 \u00a0 NOWOPRZYJ\u0118TE\u00a0 DZIECI\u00a0 I RODZIC\u00d3W<\/strong><\/p><p style=\"text-align: start;\"><strong style=\"text-align: center;\">\u00a0 \u00a0 \u00a0 \u00a0 \u00a0 \u00a0 \u00a0 \u00a0 \u00a0 \u00a0 \u00a0 \u00a0 \u00a0 \u00a0 \u00a0 \u00a0 \u00a0<\/strong><strong style=\"color: #154d88; text-align: center;\">NA SPOTKANIE FORMACYJNE\u00a0 ADAPTACYJNE<\/strong><\/p><p style=\"text-align: start;\"><strong style=\"text-align: center;\"><span style=\"color: #154d88;\">\u00a0 \u00a0 \u00a0 \u00a0 \u00a0 \u00a0\u00a0<\/span><\/strong><strong style=\"color: #ff6600; text-align: center;\">28\u00a0 SIERPNIA 2025r. (CZWARTEK) W GODZINACH 0D 10:00 DO\u00a0 11:00<\/strong><\/p><p style=\"text-align: start;\"><b>\u00a0 \u00a0 \u00a0 \u00a0 \u00a0 \u00a0 \u00a0 \u00a0 \u00a0 \u00a0 \u00a0 \u00a0 \u00a0 \u00a0 \u00a0 \u00a0 \u00a0 \u00a0 \u00a0 \u00a0 \u00a0 \u00a0 \u00a0 \u00a0 \u00a0 \u00a0 \u00a0 \u00a0 \u00a0 \u00a0 Z powa\u017caniem<\/b><b>\u00a0<\/b><\/p><p style=\"text-align: start;\"><b>\u00a0 \u00a0 \u00a0 \u00a0 \u00a0 \u00a0 \u00a0 \u00a0 \u00a0 \u00a0 \u00a0 \u00a0 \u00a0 \u00a0 \u00a0 \u00a0 \u00a0 \u00a0 \u00a0 \u00a0 \u00a0 \u00a0 \u00a0 \u00a0 \u00a0 \u00a0 \u00a0Barbara Thiel- Szopka<\/b><b>\u00a0<\/b><\/p><p style=\"text-align: start;\"><b>\u00a0 \u00a0 \u00a0 \u00a0 \u00a0 \u00a0 \u00a0 \u00a0 \u00a0 \u00a0 \u00a0 \u00a0 \u00a0 \u00a0 \u00a0 \u00a0 \u00a0 \u00a0 \u00a0 \u00a0 \u00a0 \u00a0 \u00a0 \u00a0 Dyrektor Przedszkola nr 176<\/b><\/p>\t\t\t\t\t\t\t\t<\/div>\n\t\t\t\t<\/div>\n\t\t\t\t\t<\/div>\n\t\t\t\t<\/div>\n\t\t\t\t<\/div>\n\t\t","protected":false},"excerpt":{"rendered":"<p>Dzie\u0144 dobry, witamy Pa\u0144stwa na nowej stronie przedszkola \u201eDobry wychowawca, kt\u00f3ry &#8230;nie dyktuje a uczy, nie \u017c\u0105da a zapytuje \u2013prze\u017cyje wraz z dzie\u0107mi wiele natchnionych chwil.\u201d Janusz Korczak \u00a0 \u00a0 \u00a0 \u00a0 \u00a0 \u00a0 \u00a0\u00a0 \u00a0 \u00a0 \u00a0INFORMACJA\u00a0 DLA\u00a0 RODZIC\u00d3W\u00a0 DZIECI\u00a0 NOWOPRZYJ\u0118TYCH\u00a0 \u00a0 \u00a0 \u00a0 \u00a0 \u00a0 \u00a0\u00a0 \u00a0 \u00a0 \u00a0 \u00a0 \u00a0 \u00a0 \u00a0 [&hellip;]<\/p>\n","protected":false},"author":1,"featured_media":0,"parent":0,"menu_order":0,"comment_status":"closed","ping_status":"open","template":"","meta":{"footnotes":""},"class_list":["post-2","page","type-page","status-publish","hentry"],"_links":{"self":[{"href":"https:\/\/bajkowydomek.edu.pl\/index.php?rest_route=\/wp\/v2\/pages\/2","targetHints":{"allow":["GET"]}}],"collection":[{"href":"https:\/\/bajkowydomek.edu.pl\/index.php?rest_route=\/wp\/v2\/pages"}],"about":[{"href":"https:\/\/bajkowydomek.edu.pl\/index.php?rest_route=\/wp\/v2\/types\/page"}],"author":[{"embeddable":true,"href":"https:\/\/bajkowydomek.edu.pl\/index.php?rest_route=\/wp\/v2\/users\/1"}],"replies":[{"embeddable":true,"href":"https:\/\/bajkowydomek.edu.pl\/index.php?rest_route=%2Fwp%2Fv2%2Fcomments&post=2"}],"version-history":[{"count":45,"href":"https:\/\/bajkowydomek.edu.pl\/index.php?rest_route=\/wp\/v2\/pages\/2\/revisions"}],"predecessor-version":[{"id":215,"href":"https:\/\/bajkowydomek.edu.pl\/index.php?rest_route=\/wp\/v2\/pages\/2\/revisions\/215"}],"wp:attachment":[{"href":"https:\/\/bajkowydomek.edu.pl\/index.php?rest_route=%2Fwp%2Fv2%2Fmedia&parent=2"}],"curies":[{"name":"wp","href":"https:\/\/api.w.org\/{rel}","templated":true}]}}